{"id":2932,"date":"2024-09-25T10:02:58","date_gmt":"2024-09-25T08:02:58","guid":{"rendered":"https:\/\/www.aresbank.es\/?post_type=product&#038;p=2932"},"modified":"2024-09-25T10:23:46","modified_gmt":"2024-09-25T08:23:46","slug":"lineas-comex","status":"publish","type":"product","link":"https:\/\/www.aresbank.es\/es\/productos\/comercio-exterior\/lineas-comex","title":{"rendered":"L\u00edneas Comex importaci\u00f3n"},"excerpt":{"rendered":"<p><span style=\"white-space-collapse: preserve;\"><\/span><\/p>\n","protected":false},"featured_media":0,"parent":911,"menu_order":0,"template":"","class_list":["post-2932","product","type-product","status-publish","hentry"],"acf":[],"yoast_head":"<!-- This site is optimized with the Yoast SEO plugin v27.4 - https:\/\/yoast.com\/product\/yoast-seo-wordpress\/ -->\n<title>L\u00edneas Comex para la financiaci\u00f3n de importaciones<\/title>\n<meta name=\"description\" content=\"Facilita la financiaci\u00f3n de importaciones con l\u00edneas Comex. Financiaci\u00f3n dise\u00f1ada para apoyar el crecimiento de tu empresa en el mercado global\" \/>\n<meta name=\"robots\" content=\"index, follow, max-snippet:-1, max-image-preview:large, max-video-preview:-1\" \/>\n<link rel=\"canonical\" href=\"https:\/\/www.aresbank.es\/es\/productos\/comercio-exterior\/lineas-comex\" \/>\n<meta property=\"og:locale\" content=\"es_ES\" \/>\n<meta property=\"og:type\" content=\"article\" \/>\n<meta property=\"og:title\" content=\"L\u00edneas Comex para la financiaci\u00f3n de importaciones\" \/>\n<meta property=\"og:description\" content=\"Facilita la financiaci\u00f3n de importaciones con l\u00edneas Comex. Financiaci\u00f3n dise\u00f1ada para apoyar el crecimiento de tu empresa en el mercado global\" \/>\n<meta property=\"og:url\" content=\"https:\/\/www.aresbank.es\/es\/productos\/comercio-exterior\/lineas-comex\" \/>\n<meta property=\"og:site_name\" content=\"Aresbank\" \/>\n<meta property=\"article:modified_time\" content=\"2024-09-25T08:23:46+00:00\" \/>\n<meta name=\"twitter:card\" content=\"summary_large_image\" \/>\n<script type=\"application\/ld+json\" class=\"yoast-schema-graph\">{\"@context\":\"https:\\\/\\\/schema.org\",\"@graph\":[{\"@type\":\"WebPage\",\"@id\":\"https:\\\/\\\/www.aresbank.es\\\/es\\\/productos\\\/comercio-exterior\\\/lineas-comex\",\"url\":\"https:\\\/\\\/www.aresbank.es\\\/es\\\/productos\\\/comercio-exterior\\\/lineas-comex\",\"name\":\"L\u00edneas Comex para la financiaci\u00f3n de importaciones\",\"isPartOf\":{\"@id\":\"https:\\\/\\\/www.aresbank.es\\\/es\\\/#website\"},\"datePublished\":\"2024-09-25T08:02:58+00:00\",\"dateModified\":\"2024-09-25T08:23:46+00:00\",\"description\":\"Facilita la financiaci\u00f3n de importaciones con l\u00edneas Comex. Financiaci\u00f3n dise\u00f1ada para apoyar el crecimiento de tu empresa en el mercado global\",\"breadcrumb\":{\"@id\":\"https:\\\/\\\/www.aresbank.es\\\/es\\\/productos\\\/comercio-exterior\\\/lineas-comex#breadcrumb\"},\"inLanguage\":\"es\",\"potentialAction\":[{\"@type\":\"ReadAction\",\"target\":[\"https:\\\/\\\/www.aresbank.es\\\/es\\\/productos\\\/comercio-exterior\\\/lineas-comex\"]}]},{\"@type\":\"BreadcrumbList\",\"@id\":\"https:\\\/\\\/www.aresbank.es\\\/es\\\/productos\\\/comercio-exterior\\\/lineas-comex#breadcrumb\",\"itemListElement\":[{\"@type\":\"ListItem\",\"position\":1,\"name\":\"Inicio\",\"item\":\"https:\\\/\\\/www.aresbank.es\\\/es\"},{\"@type\":\"ListItem\",\"position\":2,\"name\":\"Productos\",\"item\":\"https:\\\/\\\/www.aresbank.es\\\/es\\\/productos\"},{\"@type\":\"ListItem\",\"position\":3,\"name\":\"L\u00edneas Comex importaci\u00f3n\"}]},{\"@type\":\"WebSite\",\"@id\":\"https:\\\/\\\/www.aresbank.es\\\/es\\\/#website\",\"url\":\"https:\\\/\\\/www.aresbank.es\\\/es\\\/\",\"name\":\"Aresbank\",\"description\":\"\",\"potentialAction\":[{\"@type\":\"SearchAction\",\"target\":{\"@type\":\"EntryPoint\",\"urlTemplate\":\"https:\\\/\\\/www.aresbank.es\\\/es\\\/?s={search_term_string}\"},\"query-input\":{\"@type\":\"PropertyValueSpecification\",\"valueRequired\":true,\"valueName\":\"search_term_string\"}}],\"inLanguage\":\"es\"}]}<\/script>\n<!-- \/ Yoast SEO plugin. -->","yoast_head_json":{"title":"L\u00edneas Comex para la financiaci\u00f3n de importaciones","description":"Facilita la financiaci\u00f3n de importaciones con l\u00edneas Comex. Financiaci\u00f3n dise\u00f1ada para apoyar el crecimiento de tu empresa en el mercado global","robots":{"index":"index","follow":"follow","max-snippet":"max-snippet:-1","max-image-preview":"max-image-preview:large","max-video-preview":"max-video-preview:-1"},"canonical":"https:\/\/www.aresbank.es\/es\/productos\/comercio-exterior\/lineas-comex","og_locale":"es_ES","og_type":"article","og_title":"L\u00edneas Comex para la financiaci\u00f3n de importaciones","og_description":"Facilita la financiaci\u00f3n de importaciones con l\u00edneas Comex. Financiaci\u00f3n dise\u00f1ada para apoyar el crecimiento de tu empresa en el mercado global","og_url":"https:\/\/www.aresbank.es\/es\/productos\/comercio-exterior\/lineas-comex","og_site_name":"Aresbank","article_modified_time":"2024-09-25T08:23:46+00:00","twitter_card":"summary_large_image","schema":{"@context":"https:\/\/schema.org","@graph":[{"@type":"WebPage","@id":"https:\/\/www.aresbank.es\/es\/productos\/comercio-exterior\/lineas-comex","url":"https:\/\/www.aresbank.es\/es\/productos\/comercio-exterior\/lineas-comex","name":"L\u00edneas Comex para la financiaci\u00f3n de importaciones","isPartOf":{"@id":"https:\/\/www.aresbank.es\/es\/#website"},"datePublished":"2024-09-25T08:02:58+00:00","dateModified":"2024-09-25T08:23:46+00:00","description":"Facilita la financiaci\u00f3n de importaciones con l\u00edneas Comex. Financiaci\u00f3n dise\u00f1ada para apoyar el crecimiento de tu empresa en el mercado global","breadcrumb":{"@id":"https:\/\/www.aresbank.es\/es\/productos\/comercio-exterior\/lineas-comex#breadcrumb"},"inLanguage":"es","potentialAction":[{"@type":"ReadAction","target":["https:\/\/www.aresbank.es\/es\/productos\/comercio-exterior\/lineas-comex"]}]},{"@type":"BreadcrumbList","@id":"https:\/\/www.aresbank.es\/es\/productos\/comercio-exterior\/lineas-comex#breadcrumb","itemListElement":[{"@type":"ListItem","position":1,"name":"Inicio","item":"https:\/\/www.aresbank.es\/es"},{"@type":"ListItem","position":2,"name":"Productos","item":"https:\/\/www.aresbank.es\/es\/productos"},{"@type":"ListItem","position":3,"name":"L\u00edneas Comex importaci\u00f3n"}]},{"@type":"WebSite","@id":"https:\/\/www.aresbank.es\/es\/#website","url":"https:\/\/www.aresbank.es\/es\/","name":"Aresbank","description":"","potentialAction":[{"@type":"SearchAction","target":{"@type":"EntryPoint","urlTemplate":"https:\/\/www.aresbank.es\/es\/?s={search_term_string}"},"query-input":{"@type":"PropertyValueSpecification","valueRequired":true,"valueName":"search_term_string"}}],"inLanguage":"es"}]}},"_links":{"self":[{"href":"https:\/\/www.aresbank.es\/es\/wp-json\/wp\/v2\/product\/2932","targetHints":{"allow":["GET"]}}],"collection":[{"href":"https:\/\/www.aresbank.es\/es\/wp-json\/wp\/v2\/product"}],"about":[{"href":"https:\/\/www.aresbank.es\/es\/wp-json\/wp\/v2\/types\/product"}],"up":[{"embeddable":true,"href":"https:\/\/www.aresbank.es\/es\/wp-json\/wp\/v2\/product\/911"}],"wp:attachment":[{"href":"https:\/\/www.aresbank.es\/es\/wp-json\/wp\/v2\/media?parent=2932"}],"curies":[{"name":"wp","href":"https:\/\/api.w.org\/{rel}","templated":true}]}}