{"id":2923,"date":"2024-09-25T09:07:10","date_gmt":"2024-09-25T07:07:10","guid":{"rendered":"https:\/\/www.aresbank.es\/?post_type=product&#038;p=2923"},"modified":"2024-09-25T12:54:22","modified_gmt":"2024-09-25T10:54:22","slug":"poliza-credito","status":"publish","type":"product","link":"https:\/\/www.aresbank.es\/es\/productos\/financiacion-y-avales\/poliza-credito","title":{"rendered":"P\u00f3liza de cr\u00e9dito para empresas"},"excerpt":{"rendered":"<p><span style=\"white-space-collapse: preserve;\"><\/span><\/p>\n","protected":false},"featured_media":0,"parent":914,"menu_order":1,"template":"","class_list":["post-2923","product","type-product","status-publish","hentry"],"acf":[],"yoast_head":"<!-- This site is optimized with the Yoast SEO plugin v27.1.1 - https:\/\/yoast.com\/product\/yoast-seo-wordpress\/ -->\n<title>P\u00f3lizas de cr\u00e9dito para empresas | Aresbank<\/title>\n<meta name=\"description\" content=\"Gestiona eficazmente tu tesorer\u00eda con p\u00f3lizas de cr\u00e9dito para empresas. Encuentra la soluci\u00f3n flexible para cubrir tus necesidades de liquidez con Aresbank\" \/>\n<meta name=\"robots\" content=\"index, follow, max-snippet:-1, max-image-preview:large, max-video-preview:-1\" \/>\n<link rel=\"canonical\" href=\"https:\/\/www.aresbank.es\/es\/productos\/financiacion-y-avales\/poliza-credito\" \/>\n<meta property=\"og:locale\" content=\"es_ES\" \/>\n<meta property=\"og:type\" content=\"article\" \/>\n<meta property=\"og:title\" content=\"P\u00f3lizas de cr\u00e9dito para empresas | Aresbank\" \/>\n<meta property=\"og:description\" content=\"Gestiona eficazmente tu tesorer\u00eda con p\u00f3lizas de cr\u00e9dito para empresas. Encuentra la soluci\u00f3n flexible para cubrir tus necesidades de liquidez con Aresbank\" \/>\n<meta property=\"og:url\" content=\"https:\/\/www.aresbank.es\/es\/productos\/financiacion-y-avales\/poliza-credito\" \/>\n<meta property=\"og:site_name\" content=\"Aresbank\" \/>\n<meta property=\"article:modified_time\" content=\"2024-09-25T10:54:22+00:00\" \/>\n<meta name=\"twitter:card\" content=\"summary_large_image\" \/>\n<script type=\"application\/ld+json\" class=\"yoast-schema-graph\">{\"@context\":\"https:\/\/schema.org\",\"@graph\":[{\"@type\":\"WebPage\",\"@id\":\"https:\/\/www.aresbank.es\/es\/productos\/financiacion-y-avales\/poliza-credito\",\"url\":\"https:\/\/www.aresbank.es\/es\/productos\/financiacion-y-avales\/poliza-credito\",\"name\":\"P\u00f3lizas de cr\u00e9dito para empresas | Aresbank\",\"isPartOf\":{\"@id\":\"https:\/\/www.aresbank.es\/es\/#website\"},\"datePublished\":\"2024-09-25T07:07:10+00:00\",\"dateModified\":\"2024-09-25T10:54:22+00:00\",\"description\":\"Gestiona eficazmente tu tesorer\u00eda con p\u00f3lizas de cr\u00e9dito para empresas. Encuentra la soluci\u00f3n flexible para cubrir tus necesidades de liquidez con Aresbank\",\"breadcrumb\":{\"@id\":\"https:\/\/www.aresbank.es\/es\/productos\/financiacion-y-avales\/poliza-credito#breadcrumb\"},\"inLanguage\":\"es\",\"potentialAction\":[{\"@type\":\"ReadAction\",\"target\":[\"https:\/\/www.aresbank.es\/es\/productos\/financiacion-y-avales\/poliza-credito\"]}]},{\"@type\":\"BreadcrumbList\",\"@id\":\"https:\/\/www.aresbank.es\/es\/productos\/financiacion-y-avales\/poliza-credito#breadcrumb\",\"itemListElement\":[{\"@type\":\"ListItem\",\"position\":1,\"name\":\"Inicio\",\"item\":\"https:\/\/www.aresbank.es\/es\"},{\"@type\":\"ListItem\",\"position\":2,\"name\":\"Productos\",\"item\":\"https:\/\/www.aresbank.es\/es\/productos\"},{\"@type\":\"ListItem\",\"position\":3,\"name\":\"P\u00f3liza de cr\u00e9dito para empresas\"}]},{\"@type\":\"WebSite\",\"@id\":\"https:\/\/www.aresbank.es\/es\/#website\",\"url\":\"https:\/\/www.aresbank.es\/es\/\",\"name\":\"Aresbank\",\"description\":\"\",\"potentialAction\":[{\"@type\":\"SearchAction\",\"target\":{\"@type\":\"EntryPoint\",\"urlTemplate\":\"https:\/\/www.aresbank.es\/es\/?s={search_term_string}\"},\"query-input\":{\"@type\":\"PropertyValueSpecification\",\"valueRequired\":true,\"valueName\":\"search_term_string\"}}],\"inLanguage\":\"es\"}]}<\/script>\n<!-- \/ Yoast SEO plugin. -->","yoast_head_json":{"title":"P\u00f3lizas de cr\u00e9dito para empresas | Aresbank","description":"Gestiona eficazmente tu tesorer\u00eda con p\u00f3lizas de cr\u00e9dito para empresas. Encuentra la soluci\u00f3n flexible para cubrir tus necesidades de liquidez con Aresbank","robots":{"index":"index","follow":"follow","max-snippet":"max-snippet:-1","max-image-preview":"max-image-preview:large","max-video-preview":"max-video-preview:-1"},"canonical":"https:\/\/www.aresbank.es\/es\/productos\/financiacion-y-avales\/poliza-credito","og_locale":"es_ES","og_type":"article","og_title":"P\u00f3lizas de cr\u00e9dito para empresas | Aresbank","og_description":"Gestiona eficazmente tu tesorer\u00eda con p\u00f3lizas de cr\u00e9dito para empresas. Encuentra la soluci\u00f3n flexible para cubrir tus necesidades de liquidez con Aresbank","og_url":"https:\/\/www.aresbank.es\/es\/productos\/financiacion-y-avales\/poliza-credito","og_site_name":"Aresbank","article_modified_time":"2024-09-25T10:54:22+00:00","twitter_card":"summary_large_image","schema":{"@context":"https:\/\/schema.org","@graph":[{"@type":"WebPage","@id":"https:\/\/www.aresbank.es\/es\/productos\/financiacion-y-avales\/poliza-credito","url":"https:\/\/www.aresbank.es\/es\/productos\/financiacion-y-avales\/poliza-credito","name":"P\u00f3lizas de cr\u00e9dito para empresas | Aresbank","isPartOf":{"@id":"https:\/\/www.aresbank.es\/es\/#website"},"datePublished":"2024-09-25T07:07:10+00:00","dateModified":"2024-09-25T10:54:22+00:00","description":"Gestiona eficazmente tu tesorer\u00eda con p\u00f3lizas de cr\u00e9dito para empresas. Encuentra la soluci\u00f3n flexible para cubrir tus necesidades de liquidez con Aresbank","breadcrumb":{"@id":"https:\/\/www.aresbank.es\/es\/productos\/financiacion-y-avales\/poliza-credito#breadcrumb"},"inLanguage":"es","potentialAction":[{"@type":"ReadAction","target":["https:\/\/www.aresbank.es\/es\/productos\/financiacion-y-avales\/poliza-credito"]}]},{"@type":"BreadcrumbList","@id":"https:\/\/www.aresbank.es\/es\/productos\/financiacion-y-avales\/poliza-credito#breadcrumb","itemListElement":[{"@type":"ListItem","position":1,"name":"Inicio","item":"https:\/\/www.aresbank.es\/es"},{"@type":"ListItem","position":2,"name":"Productos","item":"https:\/\/www.aresbank.es\/es\/productos"},{"@type":"ListItem","position":3,"name":"P\u00f3liza de cr\u00e9dito para empresas"}]},{"@type":"WebSite","@id":"https:\/\/www.aresbank.es\/es\/#website","url":"https:\/\/www.aresbank.es\/es\/","name":"Aresbank","description":"","potentialAction":[{"@type":"SearchAction","target":{"@type":"EntryPoint","urlTemplate":"https:\/\/www.aresbank.es\/es\/?s={search_term_string}"},"query-input":{"@type":"PropertyValueSpecification","valueRequired":true,"valueName":"search_term_string"}}],"inLanguage":"es"}]}},"_links":{"self":[{"href":"https:\/\/www.aresbank.es\/es\/wp-json\/wp\/v2\/product\/2923","targetHints":{"allow":["GET"]}}],"collection":[{"href":"https:\/\/www.aresbank.es\/es\/wp-json\/wp\/v2\/product"}],"about":[{"href":"https:\/\/www.aresbank.es\/es\/wp-json\/wp\/v2\/types\/product"}],"up":[{"embeddable":true,"href":"https:\/\/www.aresbank.es\/es\/wp-json\/wp\/v2\/product\/914"}],"wp:attachment":[{"href":"https:\/\/www.aresbank.es\/es\/wp-json\/wp\/v2\/media?parent=2923"}],"curies":[{"name":"wp","href":"https:\/\/api.w.org\/{rel}","templated":true}]}}