{"id":989,"date":"2024-05-07T09:22:48","date_gmt":"2024-05-07T07:22:48","guid":{"rendered":"https:\/\/www.aresbank.es\/?page_id=989"},"modified":"2025-03-21T12:52:16","modified_gmt":"2025-03-21T11:52:16","slug":"colectivo-identificado","status":"publish","type":"page","link":"https:\/\/www.aresbank.es\/es\/centro-de-informacion\/colectivo-identificado","title":{"rendered":"Colectivo identificado"},"content":{"rendered":"","protected":false},"excerpt":{"rendered":"","protected":false},"author":2,"featured_media":1066,"parent":1236,"menu_order":0,"comment_status":"closed","ping_status":"closed","template":"","meta":{"_acf_changed":false,"inline_featured_image":false,"footnotes":""},"class_list":["post-989","page","type-page","status-publish","has-post-thumbnail","hentry"],"acf":[],"yoast_head":"<!-- This site is optimized with the Yoast SEO plugin v27.1.1 - https:\/\/yoast.com\/product\/yoast-seo-wordpress\/ -->\n<title>Colectivo Identificado de Aresbank<\/title>\n<meta name=\"description\" content=\"Aresbank identifica las categor\u00edas que inciden de manera significativa en el perfil de riesgo en el siguiente Colectivo Identificado. M\u00e1s informaci\u00f3n aqu\u00ed.\" \/>\n<meta name=\"robots\" content=\"index, follow, max-snippet:-1, max-image-preview:large, max-video-preview:-1\" \/>\n<link rel=\"canonical\" href=\"https:\/\/www.aresbank.es\/es\/centro-de-informacion\/colectivo-identificado\" \/>\n<meta property=\"og:locale\" content=\"es_ES\" \/>\n<meta property=\"og:type\" content=\"article\" \/>\n<meta property=\"og:title\" content=\"Colectivo Identificado de Aresbank\" \/>\n<meta property=\"og:description\" content=\"Aresbank identifica las categor\u00edas que inciden de manera significativa en el perfil de riesgo en el siguiente Colectivo Identificado. M\u00e1s informaci\u00f3n aqu\u00ed.\" \/>\n<meta property=\"og:url\" content=\"https:\/\/www.aresbank.es\/es\/centro-de-informacion\/colectivo-identificado\" \/>\n<meta property=\"og:site_name\" content=\"Aresbank\" \/>\n<meta property=\"article:modified_time\" content=\"2025-03-21T11:52:16+00:00\" \/>\n<meta property=\"og:image\" content=\"https:\/\/www.aresbank.es\/wp-content\/uploads\/2024\/05\/colectivo-identificado-s1.jpg\" \/>\n\t<meta property=\"og:image:width\" content=\"546\" \/>\n\t<meta property=\"og:image:height\" content=\"412\" \/>\n\t<meta property=\"og:image:type\" content=\"image\/jpeg\" \/>\n<meta name=\"twitter:card\" content=\"summary_large_image\" \/>\n<meta name=\"twitter:label1\" content=\"Tiempo de lectura\" \/>\n\t<meta name=\"twitter:data1\" content=\"1 minuto\" \/>\n<script type=\"application\/ld+json\" class=\"yoast-schema-graph\">{\"@context\":\"https:\/\/schema.org\",\"@graph\":[{\"@type\":\"WebPage\",\"@id\":\"https:\/\/www.aresbank.es\/es\/centro-de-informacion\/colectivo-identificado\",\"url\":\"https:\/\/www.aresbank.es\/es\/centro-de-informacion\/colectivo-identificado\",\"name\":\"Colectivo Identificado de Aresbank\",\"isPartOf\":{\"@id\":\"https:\/\/www.aresbank.es\/es\/#website\"},\"primaryImageOfPage\":{\"@id\":\"https:\/\/www.aresbank.es\/es\/centro-de-informacion\/colectivo-identificado#primaryimage\"},\"image\":{\"@id\":\"https:\/\/www.aresbank.es\/es\/centro-de-informacion\/colectivo-identificado#primaryimage\"},\"thumbnailUrl\":\"https:\/\/www.aresbank.es\/wp-content\/uploads\/2024\/05\/colectivo-identificado-s1.jpg\",\"datePublished\":\"2024-05-07T07:22:48+00:00\",\"dateModified\":\"2025-03-21T11:52:16+00:00\",\"description\":\"Aresbank identifica las categor\u00edas que inciden de manera significativa en el perfil de riesgo en el siguiente Colectivo Identificado. M\u00e1s informaci\u00f3n aqu\u00ed.\",\"breadcrumb\":{\"@id\":\"https:\/\/www.aresbank.es\/es\/centro-de-informacion\/colectivo-identificado#breadcrumb\"},\"inLanguage\":\"es\",\"potentialAction\":[{\"@type\":\"ReadAction\",\"target\":[\"https:\/\/www.aresbank.es\/es\/centro-de-informacion\/colectivo-identificado\"]}]},{\"@type\":\"ImageObject\",\"inLanguage\":\"es\",\"@id\":\"https:\/\/www.aresbank.es\/es\/centro-de-informacion\/colectivo-identificado#primaryimage\",\"url\":\"https:\/\/www.aresbank.es\/wp-content\/uploads\/2024\/05\/colectivo-identificado-s1.jpg\",\"contentUrl\":\"https:\/\/www.aresbank.es\/wp-content\/uploads\/2024\/05\/colectivo-identificado-s1.jpg\",\"width\":546,\"height\":412,\"caption\":\"colectivo-identificado-s1\"},{\"@type\":\"BreadcrumbList\",\"@id\":\"https:\/\/www.aresbank.es\/es\/centro-de-informacion\/colectivo-identificado#breadcrumb\",\"itemListElement\":[{\"@type\":\"ListItem\",\"position\":1,\"name\":\"Inicio\",\"item\":\"https:\/\/www.aresbank.es\/es\"},{\"@type\":\"ListItem\",\"position\":2,\"name\":\"Centro de informaci\u00f3n\",\"item\":\"https:\/\/www.aresbank.es\/es\/centro-de-informacion\"},{\"@type\":\"ListItem\",\"position\":3,\"name\":\"Colectivo identificado\"}]},{\"@type\":\"WebSite\",\"@id\":\"https:\/\/www.aresbank.es\/es\/#website\",\"url\":\"https:\/\/www.aresbank.es\/es\/\",\"name\":\"Aresbank\",\"description\":\"\",\"potentialAction\":[{\"@type\":\"SearchAction\",\"target\":{\"@type\":\"EntryPoint\",\"urlTemplate\":\"https:\/\/www.aresbank.es\/es\/?s={search_term_string}\"},\"query-input\":{\"@type\":\"PropertyValueSpecification\",\"valueRequired\":true,\"valueName\":\"search_term_string\"}}],\"inLanguage\":\"es\"}]}<\/script>\n<!-- \/ Yoast SEO plugin. -->","yoast_head_json":{"title":"Colectivo Identificado de Aresbank","description":"Aresbank identifica las categor\u00edas que inciden de manera significativa en el perfil de riesgo en el siguiente Colectivo Identificado. M\u00e1s informaci\u00f3n aqu\u00ed.","robots":{"index":"index","follow":"follow","max-snippet":"max-snippet:-1","max-image-preview":"max-image-preview:large","max-video-preview":"max-video-preview:-1"},"canonical":"https:\/\/www.aresbank.es\/es\/centro-de-informacion\/colectivo-identificado","og_locale":"es_ES","og_type":"article","og_title":"Colectivo Identificado de Aresbank","og_description":"Aresbank identifica las categor\u00edas que inciden de manera significativa en el perfil de riesgo en el siguiente Colectivo Identificado. M\u00e1s informaci\u00f3n aqu\u00ed.","og_url":"https:\/\/www.aresbank.es\/es\/centro-de-informacion\/colectivo-identificado","og_site_name":"Aresbank","article_modified_time":"2025-03-21T11:52:16+00:00","og_image":[{"width":546,"height":412,"url":"https:\/\/www.aresbank.es\/wp-content\/uploads\/2024\/05\/colectivo-identificado-s1.jpg","type":"image\/jpeg"}],"twitter_card":"summary_large_image","twitter_misc":{"Tiempo de lectura":"1 minuto"},"schema":{"@context":"https:\/\/schema.org","@graph":[{"@type":"WebPage","@id":"https:\/\/www.aresbank.es\/es\/centro-de-informacion\/colectivo-identificado","url":"https:\/\/www.aresbank.es\/es\/centro-de-informacion\/colectivo-identificado","name":"Colectivo Identificado de Aresbank","isPartOf":{"@id":"https:\/\/www.aresbank.es\/es\/#website"},"primaryImageOfPage":{"@id":"https:\/\/www.aresbank.es\/es\/centro-de-informacion\/colectivo-identificado#primaryimage"},"image":{"@id":"https:\/\/www.aresbank.es\/es\/centro-de-informacion\/colectivo-identificado#primaryimage"},"thumbnailUrl":"https:\/\/www.aresbank.es\/wp-content\/uploads\/2024\/05\/colectivo-identificado-s1.jpg","datePublished":"2024-05-07T07:22:48+00:00","dateModified":"2025-03-21T11:52:16+00:00","description":"Aresbank identifica las categor\u00edas que inciden de manera significativa en el perfil de riesgo en el siguiente Colectivo Identificado. M\u00e1s informaci\u00f3n aqu\u00ed.","breadcrumb":{"@id":"https:\/\/www.aresbank.es\/es\/centro-de-informacion\/colectivo-identificado#breadcrumb"},"inLanguage":"es","potentialAction":[{"@type":"ReadAction","target":["https:\/\/www.aresbank.es\/es\/centro-de-informacion\/colectivo-identificado"]}]},{"@type":"ImageObject","inLanguage":"es","@id":"https:\/\/www.aresbank.es\/es\/centro-de-informacion\/colectivo-identificado#primaryimage","url":"https:\/\/www.aresbank.es\/wp-content\/uploads\/2024\/05\/colectivo-identificado-s1.jpg","contentUrl":"https:\/\/www.aresbank.es\/wp-content\/uploads\/2024\/05\/colectivo-identificado-s1.jpg","width":546,"height":412,"caption":"colectivo-identificado-s1"},{"@type":"BreadcrumbList","@id":"https:\/\/www.aresbank.es\/es\/centro-de-informacion\/colectivo-identificado#breadcrumb","itemListElement":[{"@type":"ListItem","position":1,"name":"Inicio","item":"https:\/\/www.aresbank.es\/es"},{"@type":"ListItem","position":2,"name":"Centro de informaci\u00f3n","item":"https:\/\/www.aresbank.es\/es\/centro-de-informacion"},{"@type":"ListItem","position":3,"name":"Colectivo identificado"}]},{"@type":"WebSite","@id":"https:\/\/www.aresbank.es\/es\/#website","url":"https:\/\/www.aresbank.es\/es\/","name":"Aresbank","description":"","potentialAction":[{"@type":"SearchAction","target":{"@type":"EntryPoint","urlTemplate":"https:\/\/www.aresbank.es\/es\/?s={search_term_string}"},"query-input":{"@type":"PropertyValueSpecification","valueRequired":true,"valueName":"search_term_string"}}],"inLanguage":"es"}]}},"_links":{"self":[{"href":"https:\/\/www.aresbank.es\/es\/wp-json\/wp\/v2\/pages\/989","targetHints":{"allow":["GET"]}}],"collection":[{"href":"https:\/\/www.aresbank.es\/es\/wp-json\/wp\/v2\/pages"}],"about":[{"href":"https:\/\/www.aresbank.es\/es\/wp-json\/wp\/v2\/types\/page"}],"author":[{"embeddable":true,"href":"https:\/\/www.aresbank.es\/es\/wp-json\/wp\/v2\/users\/2"}],"replies":[{"embeddable":true,"href":"https:\/\/www.aresbank.es\/es\/wp-json\/wp\/v2\/comments?post=989"}],"version-history":[{"count":4,"href":"https:\/\/www.aresbank.es\/es\/wp-json\/wp\/v2\/pages\/989\/revisions"}],"predecessor-version":[{"id":3680,"href":"https:\/\/www.aresbank.es\/es\/wp-json\/wp\/v2\/pages\/989\/revisions\/3680"}],"up":[{"embeddable":true,"href":"https:\/\/www.aresbank.es\/es\/wp-json\/wp\/v2\/pages\/1236"}],"wp:featuredmedia":[{"embeddable":true,"href":"https:\/\/www.aresbank.es\/es\/wp-json\/wp\/v2\/media\/1066"}],"wp:attachment":[{"href":"https:\/\/www.aresbank.es\/es\/wp-json\/wp\/v2\/media?parent=989"}],"curies":[{"name":"wp","href":"https:\/\/api.w.org\/{rel}","templated":true}]}}