{"id":3777,"date":"2025-05-15T09:22:39","date_gmt":"2025-05-15T07:22:39","guid":{"rendered":"https:\/\/www.aresbank.es\/?page_id=3777"},"modified":"2025-05-15T09:23:14","modified_gmt":"2025-05-15T07:23:14","slug":"informacion-basica","status":"publish","type":"page","link":"https:\/\/www.aresbank.es\/es\/informacion-basica","title":{"rendered":"Informaci\u00f3n b\u00e1sica"},"content":{"rendered":"","protected":false},"excerpt":{"rendered":"","protected":false},"author":1,"featured_media":0,"parent":0,"menu_order":0,"comment_status":"closed","ping_status":"closed","template":"","meta":{"_acf_changed":false,"inline_featured_image":false,"footnotes":""},"class_list":["post-3777","page","type-page","status-publish","hentry"],"acf":[],"yoast_head":"<!-- This site is optimized with the Yoast SEO plugin v27.1.1 - https:\/\/yoast.com\/product\/yoast-seo-wordpress\/ -->\n<title>Informaci\u00f3n b\u00e1sica - Aresbank<\/title>\n<meta name=\"description\" content=\"Pol\u00edtica de Privacidad de Aresbank: Protegiendo Tus Datos Personales con Transparencia y Seguridad\" \/>\n<meta name=\"robots\" content=\"index, follow, max-snippet:-1, max-image-preview:large, max-video-preview:-1\" \/>\n<link rel=\"canonical\" href=\"https:\/\/www.aresbank.es\/es\/informacion-basica\" \/>\n<meta property=\"og:locale\" content=\"es_ES\" \/>\n<meta property=\"og:type\" content=\"article\" \/>\n<meta property=\"og:title\" content=\"Informaci\u00f3n b\u00e1sica - Aresbank\" \/>\n<meta property=\"og:description\" content=\"Pol\u00edtica de Privacidad de Aresbank: Protegiendo Tus Datos Personales con Transparencia y Seguridad\" \/>\n<meta property=\"og:url\" content=\"https:\/\/www.aresbank.es\/es\/informacion-basica\" \/>\n<meta property=\"og:site_name\" content=\"Aresbank\" \/>\n<meta property=\"article:modified_time\" content=\"2025-05-15T07:23:14+00:00\" \/>\n<meta name=\"twitter:card\" content=\"summary_large_image\" \/>\n<script type=\"application\/ld+json\" class=\"yoast-schema-graph\">{\"@context\":\"https:\/\/schema.org\",\"@graph\":[{\"@type\":\"WebPage\",\"@id\":\"https:\/\/www.aresbank.es\/es\/informacion-basica\",\"url\":\"https:\/\/www.aresbank.es\/es\/informacion-basica\",\"name\":\"Informaci\u00f3n b\u00e1sica - Aresbank\",\"isPartOf\":{\"@id\":\"https:\/\/www.aresbank.es\/es\/#website\"},\"datePublished\":\"2025-05-15T07:22:39+00:00\",\"dateModified\":\"2025-05-15T07:23:14+00:00\",\"description\":\"Pol\u00edtica de Privacidad de Aresbank: Protegiendo Tus Datos Personales con Transparencia y Seguridad\",\"breadcrumb\":{\"@id\":\"https:\/\/www.aresbank.es\/es\/informacion-basica#breadcrumb\"},\"inLanguage\":\"es\",\"potentialAction\":[{\"@type\":\"ReadAction\",\"target\":[\"https:\/\/www.aresbank.es\/es\/informacion-basica\"]}]},{\"@type\":\"BreadcrumbList\",\"@id\":\"https:\/\/www.aresbank.es\/es\/informacion-basica#breadcrumb\",\"itemListElement\":[{\"@type\":\"ListItem\",\"position\":1,\"name\":\"Inicio\",\"item\":\"https:\/\/www.aresbank.es\/es\"},{\"@type\":\"ListItem\",\"position\":2,\"name\":\"Informaci\u00f3n b\u00e1sica\"}]},{\"@type\":\"WebSite\",\"@id\":\"https:\/\/www.aresbank.es\/es\/#website\",\"url\":\"https:\/\/www.aresbank.es\/es\/\",\"name\":\"Aresbank\",\"description\":\"\",\"potentialAction\":[{\"@type\":\"SearchAction\",\"target\":{\"@type\":\"EntryPoint\",\"urlTemplate\":\"https:\/\/www.aresbank.es\/es\/?s={search_term_string}\"},\"query-input\":{\"@type\":\"PropertyValueSpecification\",\"valueRequired\":true,\"valueName\":\"search_term_string\"}}],\"inLanguage\":\"es\"}]}<\/script>\n<!-- \/ Yoast SEO plugin. -->","yoast_head_json":{"title":"Informaci\u00f3n b\u00e1sica - Aresbank","description":"Pol\u00edtica de Privacidad de Aresbank: Protegiendo Tus Datos Personales con Transparencia y Seguridad","robots":{"index":"index","follow":"follow","max-snippet":"max-snippet:-1","max-image-preview":"max-image-preview:large","max-video-preview":"max-video-preview:-1"},"canonical":"https:\/\/www.aresbank.es\/es\/informacion-basica","og_locale":"es_ES","og_type":"article","og_title":"Informaci\u00f3n b\u00e1sica - Aresbank","og_description":"Pol\u00edtica de Privacidad de Aresbank: Protegiendo Tus Datos Personales con Transparencia y Seguridad","og_url":"https:\/\/www.aresbank.es\/es\/informacion-basica","og_site_name":"Aresbank","article_modified_time":"2025-05-15T07:23:14+00:00","twitter_card":"summary_large_image","schema":{"@context":"https:\/\/schema.org","@graph":[{"@type":"WebPage","@id":"https:\/\/www.aresbank.es\/es\/informacion-basica","url":"https:\/\/www.aresbank.es\/es\/informacion-basica","name":"Informaci\u00f3n b\u00e1sica - Aresbank","isPartOf":{"@id":"https:\/\/www.aresbank.es\/es\/#website"},"datePublished":"2025-05-15T07:22:39+00:00","dateModified":"2025-05-15T07:23:14+00:00","description":"Pol\u00edtica de Privacidad de Aresbank: Protegiendo Tus Datos Personales con Transparencia y Seguridad","breadcrumb":{"@id":"https:\/\/www.aresbank.es\/es\/informacion-basica#breadcrumb"},"inLanguage":"es","potentialAction":[{"@type":"ReadAction","target":["https:\/\/www.aresbank.es\/es\/informacion-basica"]}]},{"@type":"BreadcrumbList","@id":"https:\/\/www.aresbank.es\/es\/informacion-basica#breadcrumb","itemListElement":[{"@type":"ListItem","position":1,"name":"Inicio","item":"https:\/\/www.aresbank.es\/es"},{"@type":"ListItem","position":2,"name":"Informaci\u00f3n b\u00e1sica"}]},{"@type":"WebSite","@id":"https:\/\/www.aresbank.es\/es\/#website","url":"https:\/\/www.aresbank.es\/es\/","name":"Aresbank","description":"","potentialAction":[{"@type":"SearchAction","target":{"@type":"EntryPoint","urlTemplate":"https:\/\/www.aresbank.es\/es\/?s={search_term_string}"},"query-input":{"@type":"PropertyValueSpecification","valueRequired":true,"valueName":"search_term_string"}}],"inLanguage":"es"}]}},"_links":{"self":[{"href":"https:\/\/www.aresbank.es\/es\/wp-json\/wp\/v2\/pages\/3777","targetHints":{"allow":["GET"]}}],"collection":[{"href":"https:\/\/www.aresbank.es\/es\/wp-json\/wp\/v2\/pages"}],"about":[{"href":"https:\/\/www.aresbank.es\/es\/wp-json\/wp\/v2\/types\/page"}],"author":[{"embeddable":true,"href":"https:\/\/www.aresbank.es\/es\/wp-json\/wp\/v2\/users\/1"}],"replies":[{"embeddable":true,"href":"https:\/\/www.aresbank.es\/es\/wp-json\/wp\/v2\/comments?post=3777"}],"version-history":[{"count":3,"href":"https:\/\/www.aresbank.es\/es\/wp-json\/wp\/v2\/pages\/3777\/revisions"}],"predecessor-version":[{"id":3780,"href":"https:\/\/www.aresbank.es\/es\/wp-json\/wp\/v2\/pages\/3777\/revisions\/3780"}],"wp:attachment":[{"href":"https:\/\/www.aresbank.es\/es\/wp-json\/wp\/v2\/media?parent=3777"}],"curies":[{"name":"wp","href":"https:\/\/api.w.org\/{rel}","templated":true}]}}