{"id":1682,"date":"2024-05-14T09:57:52","date_gmt":"2024-05-14T07:57:52","guid":{"rendered":"https:\/\/www.aresbank.es\/?page_id=1682"},"modified":"2024-07-15T10:48:17","modified_gmt":"2024-07-15T08:48:17","slug":"area-de-clientes","status":"publish","type":"page","link":"https:\/\/www.aresbank.es\/es\/area-de-clientes","title":{"rendered":"\u00c1rea de clientes"},"content":{"rendered":"","protected":false},"excerpt":{"rendered":"","protected":false},"author":2,"featured_media":0,"parent":0,"menu_order":0,"comment_status":"closed","ping_status":"closed","template":"","meta":{"_acf_changed":false,"inline_featured_image":false,"footnotes":""},"class_list":["post-1682","page","type-page","status-publish","hentry"],"acf":[],"yoast_head":"<!-- This site is optimized with the Yoast SEO plugin v27.1.1 - https:\/\/yoast.com\/product\/yoast-seo-wordpress\/ -->\n<title>\u00c1rea de Clientes de Aresbank<\/title>\n<meta name=\"description\" content=\"Encuentra toda la documentaci\u00f3n necesaria y formularios para descargar y entregar a Aresbank. Haz clic aqu\u00ed.\" \/>\n<meta name=\"robots\" content=\"index, follow, max-snippet:-1, max-image-preview:large, max-video-preview:-1\" \/>\n<link rel=\"canonical\" href=\"https:\/\/www.aresbank.es\/es\/area-de-clientes\" \/>\n<meta property=\"og:locale\" content=\"es_ES\" \/>\n<meta property=\"og:type\" content=\"article\" \/>\n<meta property=\"og:title\" content=\"\u00c1rea de Clientes de Aresbank\" \/>\n<meta property=\"og:description\" content=\"Encuentra toda la documentaci\u00f3n necesaria y formularios para descargar y entregar a Aresbank. Haz clic aqu\u00ed.\" \/>\n<meta property=\"og:url\" content=\"https:\/\/www.aresbank.es\/es\/area-de-clientes\" \/>\n<meta property=\"og:site_name\" content=\"Aresbank\" \/>\n<meta property=\"article:modified_time\" content=\"2024-07-15T08:48:17+00:00\" \/>\n<meta name=\"twitter:card\" content=\"summary_large_image\" \/>\n<script type=\"application\/ld+json\" class=\"yoast-schema-graph\">{\"@context\":\"https:\/\/schema.org\",\"@graph\":[{\"@type\":\"WebPage\",\"@id\":\"https:\/\/www.aresbank.es\/es\/area-de-clientes\",\"url\":\"https:\/\/www.aresbank.es\/es\/area-de-clientes\",\"name\":\"\u00c1rea de Clientes de Aresbank\",\"isPartOf\":{\"@id\":\"https:\/\/www.aresbank.es\/es\/#website\"},\"datePublished\":\"2024-05-14T07:57:52+00:00\",\"dateModified\":\"2024-07-15T08:48:17+00:00\",\"description\":\"Encuentra toda la documentaci\u00f3n necesaria y formularios para descargar y entregar a Aresbank. Haz clic aqu\u00ed.\",\"breadcrumb\":{\"@id\":\"https:\/\/www.aresbank.es\/es\/area-de-clientes#breadcrumb\"},\"inLanguage\":\"es\",\"potentialAction\":[{\"@type\":\"ReadAction\",\"target\":[\"https:\/\/www.aresbank.es\/es\/area-de-clientes\"]}]},{\"@type\":\"BreadcrumbList\",\"@id\":\"https:\/\/www.aresbank.es\/es\/area-de-clientes#breadcrumb\",\"itemListElement\":[{\"@type\":\"ListItem\",\"position\":1,\"name\":\"Inicio\",\"item\":\"https:\/\/www.aresbank.es\/es\"},{\"@type\":\"ListItem\",\"position\":2,\"name\":\"\u00c1rea de clientes\"}]},{\"@type\":\"WebSite\",\"@id\":\"https:\/\/www.aresbank.es\/es\/#website\",\"url\":\"https:\/\/www.aresbank.es\/es\/\",\"name\":\"Aresbank\",\"description\":\"\",\"potentialAction\":[{\"@type\":\"SearchAction\",\"target\":{\"@type\":\"EntryPoint\",\"urlTemplate\":\"https:\/\/www.aresbank.es\/es\/?s={search_term_string}\"},\"query-input\":{\"@type\":\"PropertyValueSpecification\",\"valueRequired\":true,\"valueName\":\"search_term_string\"}}],\"inLanguage\":\"es\"}]}<\/script>\n<!-- \/ Yoast SEO plugin. -->","yoast_head_json":{"title":"\u00c1rea de Clientes de Aresbank","description":"Encuentra toda la documentaci\u00f3n necesaria y formularios para descargar y entregar a Aresbank. Haz clic aqu\u00ed.","robots":{"index":"index","follow":"follow","max-snippet":"max-snippet:-1","max-image-preview":"max-image-preview:large","max-video-preview":"max-video-preview:-1"},"canonical":"https:\/\/www.aresbank.es\/es\/area-de-clientes","og_locale":"es_ES","og_type":"article","og_title":"\u00c1rea de Clientes de Aresbank","og_description":"Encuentra toda la documentaci\u00f3n necesaria y formularios para descargar y entregar a Aresbank. Haz clic aqu\u00ed.","og_url":"https:\/\/www.aresbank.es\/es\/area-de-clientes","og_site_name":"Aresbank","article_modified_time":"2024-07-15T08:48:17+00:00","twitter_card":"summary_large_image","schema":{"@context":"https:\/\/schema.org","@graph":[{"@type":"WebPage","@id":"https:\/\/www.aresbank.es\/es\/area-de-clientes","url":"https:\/\/www.aresbank.es\/es\/area-de-clientes","name":"\u00c1rea de Clientes de Aresbank","isPartOf":{"@id":"https:\/\/www.aresbank.es\/es\/#website"},"datePublished":"2024-05-14T07:57:52+00:00","dateModified":"2024-07-15T08:48:17+00:00","description":"Encuentra toda la documentaci\u00f3n necesaria y formularios para descargar y entregar a Aresbank. Haz clic aqu\u00ed.","breadcrumb":{"@id":"https:\/\/www.aresbank.es\/es\/area-de-clientes#breadcrumb"},"inLanguage":"es","potentialAction":[{"@type":"ReadAction","target":["https:\/\/www.aresbank.es\/es\/area-de-clientes"]}]},{"@type":"BreadcrumbList","@id":"https:\/\/www.aresbank.es\/es\/area-de-clientes#breadcrumb","itemListElement":[{"@type":"ListItem","position":1,"name":"Inicio","item":"https:\/\/www.aresbank.es\/es"},{"@type":"ListItem","position":2,"name":"\u00c1rea de clientes"}]},{"@type":"WebSite","@id":"https:\/\/www.aresbank.es\/es\/#website","url":"https:\/\/www.aresbank.es\/es\/","name":"Aresbank","description":"","potentialAction":[{"@type":"SearchAction","target":{"@type":"EntryPoint","urlTemplate":"https:\/\/www.aresbank.es\/es\/?s={search_term_string}"},"query-input":{"@type":"PropertyValueSpecification","valueRequired":true,"valueName":"search_term_string"}}],"inLanguage":"es"}]}},"_links":{"self":[{"href":"https:\/\/www.aresbank.es\/es\/wp-json\/wp\/v2\/pages\/1682","targetHints":{"allow":["GET"]}}],"collection":[{"href":"https:\/\/www.aresbank.es\/es\/wp-json\/wp\/v2\/pages"}],"about":[{"href":"https:\/\/www.aresbank.es\/es\/wp-json\/wp\/v2\/types\/page"}],"author":[{"embeddable":true,"href":"https:\/\/www.aresbank.es\/es\/wp-json\/wp\/v2\/users\/2"}],"replies":[{"embeddable":true,"href":"https:\/\/www.aresbank.es\/es\/wp-json\/wp\/v2\/comments?post=1682"}],"version-history":[{"count":4,"href":"https:\/\/www.aresbank.es\/es\/wp-json\/wp\/v2\/pages\/1682\/revisions"}],"predecessor-version":[{"id":2575,"href":"https:\/\/www.aresbank.es\/es\/wp-json\/wp\/v2\/pages\/1682\/revisions\/2575"}],"wp:attachment":[{"href":"https:\/\/www.aresbank.es\/es\/wp-json\/wp\/v2\/media?parent=1682"}],"curies":[{"name":"wp","href":"https:\/\/api.w.org\/{rel}","templated":true}]}}