{"id":1607,"date":"2024-05-13T10:55:48","date_gmt":"2024-05-13T08:55:48","guid":{"rendered":"https:\/\/www.aresbank.es\/?page_id=1607"},"modified":"2024-05-28T17:05:39","modified_gmt":"2024-05-28T15:05:39","slug":"aviso-legal","status":"publish","type":"page","link":"https:\/\/www.aresbank.es\/es\/aviso-legal","title":{"rendered":"Aviso legal"},"content":{"rendered":"","protected":false},"excerpt":{"rendered":"","protected":false},"author":2,"featured_media":0,"parent":0,"menu_order":0,"comment_status":"closed","ping_status":"closed","template":"","meta":{"_acf_changed":false,"inline_featured_image":false,"footnotes":""},"class_list":["post-1607","page","type-page","status-publish","hentry"],"acf":[],"yoast_head":"<!-- This site is optimized with the Yoast SEO plugin v27.1.1 - https:\/\/yoast.com\/product\/yoast-seo-wordpress\/ -->\n<title>Aviso legal - Aresbank<\/title>\n<meta name=\"description\" content=\"Descubre los t\u00e9rminos legales de Aresbank. Accede a informaci\u00f3n crucial para asegurar una navegaci\u00f3n segura y transparente\" \/>\n<meta name=\"robots\" content=\"index, follow, max-snippet:-1, max-image-preview:large, max-video-preview:-1\" \/>\n<link rel=\"canonical\" href=\"https:\/\/www.aresbank.es\/es\/aviso-legal\" \/>\n<meta property=\"og:locale\" content=\"es_ES\" \/>\n<meta property=\"og:type\" content=\"article\" \/>\n<meta property=\"og:title\" content=\"Aviso legal - Aresbank\" \/>\n<meta property=\"og:description\" content=\"Descubre los t\u00e9rminos legales de Aresbank. Accede a informaci\u00f3n crucial para asegurar una navegaci\u00f3n segura y transparente\" \/>\n<meta property=\"og:url\" content=\"https:\/\/www.aresbank.es\/es\/aviso-legal\" \/>\n<meta property=\"og:site_name\" content=\"Aresbank\" \/>\n<meta property=\"article:modified_time\" content=\"2024-05-28T15:05:39+00:00\" \/>\n<meta name=\"twitter:card\" content=\"summary_large_image\" \/>\n<script type=\"application\/ld+json\" class=\"yoast-schema-graph\">{\"@context\":\"https:\/\/schema.org\",\"@graph\":[{\"@type\":\"WebPage\",\"@id\":\"https:\/\/www.aresbank.es\/es\/aviso-legal\",\"url\":\"https:\/\/www.aresbank.es\/es\/aviso-legal\",\"name\":\"Aviso legal - Aresbank\",\"isPartOf\":{\"@id\":\"https:\/\/www.aresbank.es\/es\/#website\"},\"datePublished\":\"2024-05-13T08:55:48+00:00\",\"dateModified\":\"2024-05-28T15:05:39+00:00\",\"description\":\"Descubre los t\u00e9rminos legales de Aresbank. Accede a informaci\u00f3n crucial para asegurar una navegaci\u00f3n segura y transparente\",\"breadcrumb\":{\"@id\":\"https:\/\/www.aresbank.es\/es\/aviso-legal#breadcrumb\"},\"inLanguage\":\"es\",\"potentialAction\":[{\"@type\":\"ReadAction\",\"target\":[\"https:\/\/www.aresbank.es\/es\/aviso-legal\"]}]},{\"@type\":\"BreadcrumbList\",\"@id\":\"https:\/\/www.aresbank.es\/es\/aviso-legal#breadcrumb\",\"itemListElement\":[{\"@type\":\"ListItem\",\"position\":1,\"name\":\"Inicio\",\"item\":\"https:\/\/www.aresbank.es\/es\"},{\"@type\":\"ListItem\",\"position\":2,\"name\":\"Aviso legal\"}]},{\"@type\":\"WebSite\",\"@id\":\"https:\/\/www.aresbank.es\/es\/#website\",\"url\":\"https:\/\/www.aresbank.es\/es\/\",\"name\":\"Aresbank\",\"description\":\"\",\"potentialAction\":[{\"@type\":\"SearchAction\",\"target\":{\"@type\":\"EntryPoint\",\"urlTemplate\":\"https:\/\/www.aresbank.es\/es\/?s={search_term_string}\"},\"query-input\":{\"@type\":\"PropertyValueSpecification\",\"valueRequired\":true,\"valueName\":\"search_term_string\"}}],\"inLanguage\":\"es\"}]}<\/script>\n<!-- \/ Yoast SEO plugin. -->","yoast_head_json":{"title":"Aviso legal - Aresbank","description":"Descubre los t\u00e9rminos legales de Aresbank. Accede a informaci\u00f3n crucial para asegurar una navegaci\u00f3n segura y transparente","robots":{"index":"index","follow":"follow","max-snippet":"max-snippet:-1","max-image-preview":"max-image-preview:large","max-video-preview":"max-video-preview:-1"},"canonical":"https:\/\/www.aresbank.es\/es\/aviso-legal","og_locale":"es_ES","og_type":"article","og_title":"Aviso legal - Aresbank","og_description":"Descubre los t\u00e9rminos legales de Aresbank. Accede a informaci\u00f3n crucial para asegurar una navegaci\u00f3n segura y transparente","og_url":"https:\/\/www.aresbank.es\/es\/aviso-legal","og_site_name":"Aresbank","article_modified_time":"2024-05-28T15:05:39+00:00","twitter_card":"summary_large_image","schema":{"@context":"https:\/\/schema.org","@graph":[{"@type":"WebPage","@id":"https:\/\/www.aresbank.es\/es\/aviso-legal","url":"https:\/\/www.aresbank.es\/es\/aviso-legal","name":"Aviso legal - Aresbank","isPartOf":{"@id":"https:\/\/www.aresbank.es\/es\/#website"},"datePublished":"2024-05-13T08:55:48+00:00","dateModified":"2024-05-28T15:05:39+00:00","description":"Descubre los t\u00e9rminos legales de Aresbank. Accede a informaci\u00f3n crucial para asegurar una navegaci\u00f3n segura y transparente","breadcrumb":{"@id":"https:\/\/www.aresbank.es\/es\/aviso-legal#breadcrumb"},"inLanguage":"es","potentialAction":[{"@type":"ReadAction","target":["https:\/\/www.aresbank.es\/es\/aviso-legal"]}]},{"@type":"BreadcrumbList","@id":"https:\/\/www.aresbank.es\/es\/aviso-legal#breadcrumb","itemListElement":[{"@type":"ListItem","position":1,"name":"Inicio","item":"https:\/\/www.aresbank.es\/es"},{"@type":"ListItem","position":2,"name":"Aviso legal"}]},{"@type":"WebSite","@id":"https:\/\/www.aresbank.es\/es\/#website","url":"https:\/\/www.aresbank.es\/es\/","name":"Aresbank","description":"","potentialAction":[{"@type":"SearchAction","target":{"@type":"EntryPoint","urlTemplate":"https:\/\/www.aresbank.es\/es\/?s={search_term_string}"},"query-input":{"@type":"PropertyValueSpecification","valueRequired":true,"valueName":"search_term_string"}}],"inLanguage":"es"}]}},"_links":{"self":[{"href":"https:\/\/www.aresbank.es\/es\/wp-json\/wp\/v2\/pages\/1607","targetHints":{"allow":["GET"]}}],"collection":[{"href":"https:\/\/www.aresbank.es\/es\/wp-json\/wp\/v2\/pages"}],"about":[{"href":"https:\/\/www.aresbank.es\/es\/wp-json\/wp\/v2\/types\/page"}],"author":[{"embeddable":true,"href":"https:\/\/www.aresbank.es\/es\/wp-json\/wp\/v2\/users\/2"}],"replies":[{"embeddable":true,"href":"https:\/\/www.aresbank.es\/es\/wp-json\/wp\/v2\/comments?post=1607"}],"version-history":[{"count":7,"href":"https:\/\/www.aresbank.es\/es\/wp-json\/wp\/v2\/pages\/1607\/revisions"}],"predecessor-version":[{"id":2084,"href":"https:\/\/www.aresbank.es\/es\/wp-json\/wp\/v2\/pages\/1607\/revisions\/2084"}],"wp:attachment":[{"href":"https:\/\/www.aresbank.es\/es\/wp-json\/wp\/v2\/media?parent=1607"}],"curies":[{"name":"wp","href":"https:\/\/api.w.org\/{rel}","templated":true}]}}