{"id":1236,"date":"2024-05-07T14:16:47","date_gmt":"2024-05-07T12:16:47","guid":{"rendered":"https:\/\/www.aresbank.es\/?page_id=1236"},"modified":"2024-05-14T15:25:27","modified_gmt":"2024-05-14T13:25:27","slug":"centro-de-informacion","status":"publish","type":"page","link":"https:\/\/www.aresbank.es\/es\/centro-de-informacion","title":{"rendered":"Centro de informaci\u00f3n"},"content":{"rendered":"","protected":false},"excerpt":{"rendered":"","protected":false},"author":2,"featured_media":0,"parent":0,"menu_order":0,"comment_status":"closed","ping_status":"closed","template":"","meta":{"_acf_changed":false,"inline_featured_image":false,"footnotes":""},"class_list":["post-1236","page","type-page","status-publish","hentry"],"acf":[],"yoast_head":"<!-- This site is optimized with the Yoast SEO plugin v27.1.1 - https:\/\/yoast.com\/product\/yoast-seo-wordpress\/ -->\n<title>Centro de informaci\u00f3n - Aresbank<\/title>\n<meta name=\"description\" content=\"Accede a nuestro Centro de Informaci\u00f3n: cumplimiento, control interno, cuentas corrientes, evaluaci\u00f3n de idoneidad y m\u00e1s sobre banca extranjera\" \/>\n<meta name=\"robots\" content=\"index, follow, max-snippet:-1, max-image-preview:large, max-video-preview:-1\" \/>\n<link rel=\"canonical\" href=\"https:\/\/www.aresbank.es\/es\/centro-de-informacion\" \/>\n<meta property=\"og:locale\" content=\"es_ES\" \/>\n<meta property=\"og:type\" content=\"article\" \/>\n<meta property=\"og:title\" content=\"Centro de informaci\u00f3n - Aresbank\" \/>\n<meta property=\"og:description\" content=\"Accede a nuestro Centro de Informaci\u00f3n: cumplimiento, control interno, cuentas corrientes, evaluaci\u00f3n de idoneidad y m\u00e1s sobre banca extranjera\" \/>\n<meta property=\"og:url\" content=\"https:\/\/www.aresbank.es\/es\/centro-de-informacion\" \/>\n<meta property=\"og:site_name\" content=\"Aresbank\" \/>\n<meta property=\"article:modified_time\" content=\"2024-05-14T13:25:27+00:00\" \/>\n<meta name=\"twitter:card\" content=\"summary_large_image\" \/>\n<script type=\"application\/ld+json\" class=\"yoast-schema-graph\">{\"@context\":\"https:\/\/schema.org\",\"@graph\":[{\"@type\":\"WebPage\",\"@id\":\"https:\/\/www.aresbank.es\/es\/centro-de-informacion\",\"url\":\"https:\/\/www.aresbank.es\/es\/centro-de-informacion\",\"name\":\"Centro de informaci\u00f3n - Aresbank\",\"isPartOf\":{\"@id\":\"https:\/\/www.aresbank.es\/es\/#website\"},\"datePublished\":\"2024-05-07T12:16:47+00:00\",\"dateModified\":\"2024-05-14T13:25:27+00:00\",\"description\":\"Accede a nuestro Centro de Informaci\u00f3n: cumplimiento, control interno, cuentas corrientes, evaluaci\u00f3n de idoneidad y m\u00e1s sobre banca extranjera\",\"breadcrumb\":{\"@id\":\"https:\/\/www.aresbank.es\/es\/centro-de-informacion#breadcrumb\"},\"inLanguage\":\"es\",\"potentialAction\":[{\"@type\":\"ReadAction\",\"target\":[\"https:\/\/www.aresbank.es\/es\/centro-de-informacion\"]}]},{\"@type\":\"BreadcrumbList\",\"@id\":\"https:\/\/www.aresbank.es\/es\/centro-de-informacion#breadcrumb\",\"itemListElement\":[{\"@type\":\"ListItem\",\"position\":1,\"name\":\"Inicio\",\"item\":\"https:\/\/www.aresbank.es\/es\"},{\"@type\":\"ListItem\",\"position\":2,\"name\":\"Centro de informaci\u00f3n\"}]},{\"@type\":\"WebSite\",\"@id\":\"https:\/\/www.aresbank.es\/es\/#website\",\"url\":\"https:\/\/www.aresbank.es\/es\/\",\"name\":\"Aresbank\",\"description\":\"\",\"potentialAction\":[{\"@type\":\"SearchAction\",\"target\":{\"@type\":\"EntryPoint\",\"urlTemplate\":\"https:\/\/www.aresbank.es\/es\/?s={search_term_string}\"},\"query-input\":{\"@type\":\"PropertyValueSpecification\",\"valueRequired\":true,\"valueName\":\"search_term_string\"}}],\"inLanguage\":\"es\"}]}<\/script>\n<!-- \/ Yoast SEO plugin. -->","yoast_head_json":{"title":"Centro de informaci\u00f3n - Aresbank","description":"Accede a nuestro Centro de Informaci\u00f3n: cumplimiento, control interno, cuentas corrientes, evaluaci\u00f3n de idoneidad y m\u00e1s sobre banca extranjera","robots":{"index":"index","follow":"follow","max-snippet":"max-snippet:-1","max-image-preview":"max-image-preview:large","max-video-preview":"max-video-preview:-1"},"canonical":"https:\/\/www.aresbank.es\/es\/centro-de-informacion","og_locale":"es_ES","og_type":"article","og_title":"Centro de informaci\u00f3n - Aresbank","og_description":"Accede a nuestro Centro de Informaci\u00f3n: cumplimiento, control interno, cuentas corrientes, evaluaci\u00f3n de idoneidad y m\u00e1s sobre banca extranjera","og_url":"https:\/\/www.aresbank.es\/es\/centro-de-informacion","og_site_name":"Aresbank","article_modified_time":"2024-05-14T13:25:27+00:00","twitter_card":"summary_large_image","schema":{"@context":"https:\/\/schema.org","@graph":[{"@type":"WebPage","@id":"https:\/\/www.aresbank.es\/es\/centro-de-informacion","url":"https:\/\/www.aresbank.es\/es\/centro-de-informacion","name":"Centro de informaci\u00f3n - Aresbank","isPartOf":{"@id":"https:\/\/www.aresbank.es\/es\/#website"},"datePublished":"2024-05-07T12:16:47+00:00","dateModified":"2024-05-14T13:25:27+00:00","description":"Accede a nuestro Centro de Informaci\u00f3n: cumplimiento, control interno, cuentas corrientes, evaluaci\u00f3n de idoneidad y m\u00e1s sobre banca extranjera","breadcrumb":{"@id":"https:\/\/www.aresbank.es\/es\/centro-de-informacion#breadcrumb"},"inLanguage":"es","potentialAction":[{"@type":"ReadAction","target":["https:\/\/www.aresbank.es\/es\/centro-de-informacion"]}]},{"@type":"BreadcrumbList","@id":"https:\/\/www.aresbank.es\/es\/centro-de-informacion#breadcrumb","itemListElement":[{"@type":"ListItem","position":1,"name":"Inicio","item":"https:\/\/www.aresbank.es\/es"},{"@type":"ListItem","position":2,"name":"Centro de informaci\u00f3n"}]},{"@type":"WebSite","@id":"https:\/\/www.aresbank.es\/es\/#website","url":"https:\/\/www.aresbank.es\/es\/","name":"Aresbank","description":"","potentialAction":[{"@type":"SearchAction","target":{"@type":"EntryPoint","urlTemplate":"https:\/\/www.aresbank.es\/es\/?s={search_term_string}"},"query-input":{"@type":"PropertyValueSpecification","valueRequired":true,"valueName":"search_term_string"}}],"inLanguage":"es"}]}},"_links":{"self":[{"href":"https:\/\/www.aresbank.es\/es\/wp-json\/wp\/v2\/pages\/1236","targetHints":{"allow":["GET"]}}],"collection":[{"href":"https:\/\/www.aresbank.es\/es\/wp-json\/wp\/v2\/pages"}],"about":[{"href":"https:\/\/www.aresbank.es\/es\/wp-json\/wp\/v2\/types\/page"}],"author":[{"embeddable":true,"href":"https:\/\/www.aresbank.es\/es\/wp-json\/wp\/v2\/users\/2"}],"replies":[{"embeddable":true,"href":"https:\/\/www.aresbank.es\/es\/wp-json\/wp\/v2\/comments?post=1236"}],"version-history":[{"count":34,"href":"https:\/\/www.aresbank.es\/es\/wp-json\/wp\/v2\/pages\/1236\/revisions"}],"predecessor-version":[{"id":1813,"href":"https:\/\/www.aresbank.es\/es\/wp-json\/wp\/v2\/pages\/1236\/revisions\/1813"}],"wp:attachment":[{"href":"https:\/\/www.aresbank.es\/es\/wp-json\/wp\/v2\/media?parent=1236"}],"curies":[{"name":"wp","href":"https:\/\/api.w.org\/{rel}","templated":true}]}}