{"id":1092,"date":"2024-05-07T11:22:51","date_gmt":"2024-05-07T09:22:51","guid":{"rendered":"https:\/\/www.aresbank.es\/?page_id=1092"},"modified":"2024-05-28T13:00:10","modified_gmt":"2024-05-28T11:00:10","slug":"evaluacion-idoneidad","status":"publish","type":"page","link":"https:\/\/www.aresbank.es\/es\/centro-de-informacion\/evaluacion-idoneidad","title":{"rendered":"Evaluaci\u00f3n de la idoneidad"},"content":{"rendered":"","protected":false},"excerpt":{"rendered":"","protected":false},"author":2,"featured_media":1119,"parent":1236,"menu_order":0,"comment_status":"closed","ping_status":"closed","template":"","meta":{"_acf_changed":false,"inline_featured_image":false,"footnotes":""},"class_list":["post-1092","page","type-page","status-publish","has-post-thumbnail","hentry"],"acf":[],"yoast_head":"<!-- This site is optimized with the Yoast SEO plugin v27.1.1 - https:\/\/yoast.com\/product\/yoast-seo-wordpress\/ -->\n<title>Evaluaci\u00f3n de idoneidad | Aresbank<\/title>\n<meta name=\"description\" content=\"Descubra c\u00f3mo Aresbank eval\u00faa la idoneidad para garantizar los mejores servicios financieros adaptados a sus necesidades. Obtenga m\u00e1s informaci\u00f3n aqu\u00ed.\" \/>\n<meta name=\"robots\" content=\"index, follow, max-snippet:-1, max-image-preview:large, max-video-preview:-1\" \/>\n<link rel=\"canonical\" href=\"https:\/\/www.aresbank.es\/es\/centro-de-informacion\/evaluacion-idoneidad\" \/>\n<meta property=\"og:locale\" content=\"es_ES\" \/>\n<meta property=\"og:type\" content=\"article\" \/>\n<meta property=\"og:title\" content=\"Evaluaci\u00f3n de idoneidad | Aresbank\" \/>\n<meta property=\"og:description\" content=\"Descubra c\u00f3mo Aresbank eval\u00faa la idoneidad para garantizar los mejores servicios financieros adaptados a sus necesidades. Obtenga m\u00e1s informaci\u00f3n aqu\u00ed.\" \/>\n<meta property=\"og:url\" content=\"https:\/\/www.aresbank.es\/es\/centro-de-informacion\/evaluacion-idoneidad\" \/>\n<meta property=\"og:site_name\" content=\"Aresbank\" \/>\n<meta property=\"article:modified_time\" content=\"2024-05-28T11:00:10+00:00\" \/>\n<meta property=\"og:image\" content=\"https:\/\/www.aresbank.es\/wp-content\/uploads\/2024\/05\/evaluacion-idoneidad-princ.jpg\" \/>\n\t<meta property=\"og:image:width\" content=\"500\" \/>\n\t<meta property=\"og:image:height\" content=\"334\" \/>\n\t<meta property=\"og:image:type\" content=\"image\/jpeg\" \/>\n<meta name=\"twitter:card\" content=\"summary_large_image\" \/>\n<meta name=\"twitter:label1\" content=\"Tiempo de lectura\" \/>\n\t<meta name=\"twitter:data1\" content=\"1 minuto\" \/>\n<script type=\"application\/ld+json\" class=\"yoast-schema-graph\">{\"@context\":\"https:\/\/schema.org\",\"@graph\":[{\"@type\":\"WebPage\",\"@id\":\"https:\/\/www.aresbank.es\/es\/centro-de-informacion\/evaluacion-idoneidad\",\"url\":\"https:\/\/www.aresbank.es\/es\/centro-de-informacion\/evaluacion-idoneidad\",\"name\":\"Evaluaci\u00f3n de idoneidad | Aresbank\",\"isPartOf\":{\"@id\":\"https:\/\/www.aresbank.es\/es\/#website\"},\"primaryImageOfPage\":{\"@id\":\"https:\/\/www.aresbank.es\/es\/centro-de-informacion\/evaluacion-idoneidad#primaryimage\"},\"image\":{\"@id\":\"https:\/\/www.aresbank.es\/es\/centro-de-informacion\/evaluacion-idoneidad#primaryimage\"},\"thumbnailUrl\":\"https:\/\/www.aresbank.es\/wp-content\/uploads\/2024\/05\/evaluacion-idoneidad-princ.jpg\",\"datePublished\":\"2024-05-07T09:22:51+00:00\",\"dateModified\":\"2024-05-28T11:00:10+00:00\",\"description\":\"Descubra c\u00f3mo Aresbank eval\u00faa la idoneidad para garantizar los mejores servicios financieros adaptados a sus necesidades. Obtenga m\u00e1s informaci\u00f3n aqu\u00ed.\",\"breadcrumb\":{\"@id\":\"https:\/\/www.aresbank.es\/es\/centro-de-informacion\/evaluacion-idoneidad#breadcrumb\"},\"inLanguage\":\"es\",\"potentialAction\":[{\"@type\":\"ReadAction\",\"target\":[\"https:\/\/www.aresbank.es\/es\/centro-de-informacion\/evaluacion-idoneidad\"]}]},{\"@type\":\"ImageObject\",\"inLanguage\":\"es\",\"@id\":\"https:\/\/www.aresbank.es\/es\/centro-de-informacion\/evaluacion-idoneidad#primaryimage\",\"url\":\"https:\/\/www.aresbank.es\/wp-content\/uploads\/2024\/05\/evaluacion-idoneidad-princ.jpg\",\"contentUrl\":\"https:\/\/www.aresbank.es\/wp-content\/uploads\/2024\/05\/evaluacion-idoneidad-princ.jpg\",\"width\":500,\"height\":334,\"caption\":\"evaluacion-idoneidad-princ\"},{\"@type\":\"BreadcrumbList\",\"@id\":\"https:\/\/www.aresbank.es\/es\/centro-de-informacion\/evaluacion-idoneidad#breadcrumb\",\"itemListElement\":[{\"@type\":\"ListItem\",\"position\":1,\"name\":\"Inicio\",\"item\":\"https:\/\/www.aresbank.es\/es\"},{\"@type\":\"ListItem\",\"position\":2,\"name\":\"Centro de informaci\u00f3n\",\"item\":\"https:\/\/www.aresbank.es\/es\/centro-de-informacion\"},{\"@type\":\"ListItem\",\"position\":3,\"name\":\"Evaluaci\u00f3n de la idoneidad\"}]},{\"@type\":\"WebSite\",\"@id\":\"https:\/\/www.aresbank.es\/es\/#website\",\"url\":\"https:\/\/www.aresbank.es\/es\/\",\"name\":\"Aresbank\",\"description\":\"\",\"potentialAction\":[{\"@type\":\"SearchAction\",\"target\":{\"@type\":\"EntryPoint\",\"urlTemplate\":\"https:\/\/www.aresbank.es\/es\/?s={search_term_string}\"},\"query-input\":{\"@type\":\"PropertyValueSpecification\",\"valueRequired\":true,\"valueName\":\"search_term_string\"}}],\"inLanguage\":\"es\"}]}<\/script>\n<!-- \/ Yoast SEO plugin. -->","yoast_head_json":{"title":"Evaluaci\u00f3n de idoneidad | Aresbank","description":"Descubra c\u00f3mo Aresbank eval\u00faa la idoneidad para garantizar los mejores servicios financieros adaptados a sus necesidades. Obtenga m\u00e1s informaci\u00f3n aqu\u00ed.","robots":{"index":"index","follow":"follow","max-snippet":"max-snippet:-1","max-image-preview":"max-image-preview:large","max-video-preview":"max-video-preview:-1"},"canonical":"https:\/\/www.aresbank.es\/es\/centro-de-informacion\/evaluacion-idoneidad","og_locale":"es_ES","og_type":"article","og_title":"Evaluaci\u00f3n de idoneidad | Aresbank","og_description":"Descubra c\u00f3mo Aresbank eval\u00faa la idoneidad para garantizar los mejores servicios financieros adaptados a sus necesidades. Obtenga m\u00e1s informaci\u00f3n aqu\u00ed.","og_url":"https:\/\/www.aresbank.es\/es\/centro-de-informacion\/evaluacion-idoneidad","og_site_name":"Aresbank","article_modified_time":"2024-05-28T11:00:10+00:00","og_image":[{"width":500,"height":334,"url":"https:\/\/www.aresbank.es\/wp-content\/uploads\/2024\/05\/evaluacion-idoneidad-princ.jpg","type":"image\/jpeg"}],"twitter_card":"summary_large_image","twitter_misc":{"Tiempo de lectura":"1 minuto"},"schema":{"@context":"https:\/\/schema.org","@graph":[{"@type":"WebPage","@id":"https:\/\/www.aresbank.es\/es\/centro-de-informacion\/evaluacion-idoneidad","url":"https:\/\/www.aresbank.es\/es\/centro-de-informacion\/evaluacion-idoneidad","name":"Evaluaci\u00f3n de idoneidad | Aresbank","isPartOf":{"@id":"https:\/\/www.aresbank.es\/es\/#website"},"primaryImageOfPage":{"@id":"https:\/\/www.aresbank.es\/es\/centro-de-informacion\/evaluacion-idoneidad#primaryimage"},"image":{"@id":"https:\/\/www.aresbank.es\/es\/centro-de-informacion\/evaluacion-idoneidad#primaryimage"},"thumbnailUrl":"https:\/\/www.aresbank.es\/wp-content\/uploads\/2024\/05\/evaluacion-idoneidad-princ.jpg","datePublished":"2024-05-07T09:22:51+00:00","dateModified":"2024-05-28T11:00:10+00:00","description":"Descubra c\u00f3mo Aresbank eval\u00faa la idoneidad para garantizar los mejores servicios financieros adaptados a sus necesidades. Obtenga m\u00e1s informaci\u00f3n aqu\u00ed.","breadcrumb":{"@id":"https:\/\/www.aresbank.es\/es\/centro-de-informacion\/evaluacion-idoneidad#breadcrumb"},"inLanguage":"es","potentialAction":[{"@type":"ReadAction","target":["https:\/\/www.aresbank.es\/es\/centro-de-informacion\/evaluacion-idoneidad"]}]},{"@type":"ImageObject","inLanguage":"es","@id":"https:\/\/www.aresbank.es\/es\/centro-de-informacion\/evaluacion-idoneidad#primaryimage","url":"https:\/\/www.aresbank.es\/wp-content\/uploads\/2024\/05\/evaluacion-idoneidad-princ.jpg","contentUrl":"https:\/\/www.aresbank.es\/wp-content\/uploads\/2024\/05\/evaluacion-idoneidad-princ.jpg","width":500,"height":334,"caption":"evaluacion-idoneidad-princ"},{"@type":"BreadcrumbList","@id":"https:\/\/www.aresbank.es\/es\/centro-de-informacion\/evaluacion-idoneidad#breadcrumb","itemListElement":[{"@type":"ListItem","position":1,"name":"Inicio","item":"https:\/\/www.aresbank.es\/es"},{"@type":"ListItem","position":2,"name":"Centro de informaci\u00f3n","item":"https:\/\/www.aresbank.es\/es\/centro-de-informacion"},{"@type":"ListItem","position":3,"name":"Evaluaci\u00f3n de la idoneidad"}]},{"@type":"WebSite","@id":"https:\/\/www.aresbank.es\/es\/#website","url":"https:\/\/www.aresbank.es\/es\/","name":"Aresbank","description":"","potentialAction":[{"@type":"SearchAction","target":{"@type":"EntryPoint","urlTemplate":"https:\/\/www.aresbank.es\/es\/?s={search_term_string}"},"query-input":{"@type":"PropertyValueSpecification","valueRequired":true,"valueName":"search_term_string"}}],"inLanguage":"es"}]}},"_links":{"self":[{"href":"https:\/\/www.aresbank.es\/es\/wp-json\/wp\/v2\/pages\/1092","targetHints":{"allow":["GET"]}}],"collection":[{"href":"https:\/\/www.aresbank.es\/es\/wp-json\/wp\/v2\/pages"}],"about":[{"href":"https:\/\/www.aresbank.es\/es\/wp-json\/wp\/v2\/types\/page"}],"author":[{"embeddable":true,"href":"https:\/\/www.aresbank.es\/es\/wp-json\/wp\/v2\/users\/2"}],"replies":[{"embeddable":true,"href":"https:\/\/www.aresbank.es\/es\/wp-json\/wp\/v2\/comments?post=1092"}],"version-history":[{"count":11,"href":"https:\/\/www.aresbank.es\/es\/wp-json\/wp\/v2\/pages\/1092\/revisions"}],"predecessor-version":[{"id":2075,"href":"https:\/\/www.aresbank.es\/es\/wp-json\/wp\/v2\/pages\/1092\/revisions\/2075"}],"up":[{"embeddable":true,"href":"https:\/\/www.aresbank.es\/es\/wp-json\/wp\/v2\/pages\/1236"}],"wp:featuredmedia":[{"embeddable":true,"href":"https:\/\/www.aresbank.es\/es\/wp-json\/wp\/v2\/media\/1119"}],"wp:attachment":[{"href":"https:\/\/www.aresbank.es\/es\/wp-json\/wp\/v2\/media?parent=1092"}],"curies":[{"name":"wp","href":"https:\/\/api.w.org\/{rel}","templated":true}]}}